{"id":10,"date":"2024-10-10T15:43:00","date_gmt":"2024-10-10T13:43:00","guid":{"rendered":"https:\/\/afbrouillon.wordpress.com\/?page_id=4"},"modified":"2024-10-10T15:43:00","modified_gmt":"2024-10-10T13:43:00","slug":"home","status":"publish","type":"page","link":"https:\/\/avettes-et-fleurettes.com\/index.php\/home\/","title":{"rendered":"Home"},"content":{"rendered":"\n<div class=\"wp-block-cover alignfull is-light\" style=\"min-height:75vh;aspect-ratio:unset;\"><span aria-hidden=\"true\" class=\"wp-block-cover__background has-background-dim-0 has-background-dim\" style=\"background-color:#f5b781\"><\/span><img decoding=\"async\" class=\"wp-block-cover__image-background wp-image-22\" alt=\"\" src=\"https:\/\/afbrouillon.wordpress.com\/wp-content\/uploads\/2024\/10\/header-bg.jpg\" data-object-fit=\"cover\" \/><div class=\"wp-block-cover__inner-container is-layout-flow wp-block-cover-is-layout-flow\">\n<div style=\"height:268px\" aria-hidden=\"true\" class=\"wp-block-spacer\"><\/div>\n\n\n\n<p class=\"has-text-align-center has-small-font-size\"><strong>m\u00e9thode d&rsquo;extraction ancestrale<\/strong><\/p>\n<\/div><\/div>\n\n\n\n<h2 class=\"wp-block-heading has-text-align-center\">Miel press\u00e9<\/h2>\n\n\n\n<p class=\"has-text-align-center has-luminous-vivid-orange-color has-text-color has-link-color wp-elements-773936466ae93ee6de891d535dcae34c\"><em>Le miel qui prend le temps<\/em><\/p>\n\n\n\n<div class=\"wp-block-columns is-layout-flex wp-container-core-columns-is-layout-28f84493 wp-block-columns-is-layout-flex\">\n<div class=\"wp-block-column is-layout-flow wp-block-column-is-layout-flow\" style=\"flex-basis:100%\">\n<figure class=\"wp-block-image size-large\"><img decoding=\"async\" src=\"https:\/\/afbrouillon.wordpress.com\/wp-content\/uploads\/2024\/10\/miel-coulant.jpg?w=474\" alt=\"\" class=\"wp-image-77\" \/><\/figure>\n\n\n\n<h2 class=\"wp-block-heading\">Une technique d&rsquo;extraction particuli\u00e8re<\/h2>\n\n\n\n<p class=\"has-text-align-justify\">A la diff\u00e9rence d\u2019une extraction par centrifugeuse, le pressage des rayons pr\u00e9serve au mieux les propri\u00e9t\u00e9s du miel, en <strong>limitant son oxydation et l\u2019\u00e9vaporation des ar\u00f4mes<\/strong>, gr\u00e2ce \u00e0 un moindre brassage avec l&rsquo;air. Ainsi vous pouvez profiter d\u2019<strong>un miel authentique<\/strong>, au plus proche de la ruche. Le miel press\u00e9 est celui qui se rapproche le plus du miel qui vous coule en bouche lorsque vous croquez un rayon de miel.<br>Contrairement \u00e0 l\u2019extraction usuelle, par centrifugeuse, le pressage permet de faire passer <strong>des microparticules de cire et une partie du pollen, ajoutant leurs bienfaits au miel<\/strong>, et influen\u00e7ant la texture et la structure de cristallisation du miel.<\/p>\n<\/div>\n\n\n\n<div class=\"wp-block-column is-layout-flow wp-block-column-is-layout-flow\" style=\"flex-basis:100%\">\n<figure class=\"wp-block-image size-large\"><img decoding=\"async\" src=\"https:\/\/afbrouillon.wordpress.com\/wp-content\/uploads\/2024\/10\/miel-coulant.jpg?w=474\" alt=\"\" class=\"wp-image-77\" \/><\/figure>\n\n\n\n<h2 class=\"wp-block-heading\">Un miel rare<\/h2>\n\n\n\n<p class=\"has-text-align-justify\">Tr\u00e8s peu d\u2019apiculteurs utilisent cette m\u00e9thode qui prend beaucoup plus de temps qu\u2019une extraction par centrifugeuse.<br>De plus, pour presser, on d\u00e9coupe <strong>tout<\/strong> le rayon de miel, alors que par centrifugeuse, il suffit de d\u00e9couper les opercules, la couche superficielle. Par cons\u00e9quent, l\u2019apiculteur doit nettoyer les cadres, remettre des amorces de cire neuves et les avettes<sup>1<\/sup> doivent reb\u00e2tir toute la cire. Des \u00e9tudes estiment que les abeilles consomment 1kg de miel pour produire 100g de cire. Alors qu\u2019un cadre sorti de centrifugeuse peut directement \u00eatre repos\u00e9 sur une ruche et rerempli de miel. Cependant, la production de cire est un besoin naturel des abeilles.<br>Enfin, la cire \u00e9tant un corps gras qui absorbe les polluants de l\u2019environnement, la production d\u2019une cire neuve \u00e0 chaque miell\u00e9e limite le risque de contamination du miel.<\/p>\n\n\n\n<p>1 : Avette est une forme r\u00e9gionale ou vieillie d\u2019abeille<\/p>\n<\/div>\n<\/div>\n\n\n\n<h2 class=\"wp-block-heading\">Miel press\u00e9 vs miel centrifug\u00e9, quelles diff\u00e9rences ?<\/h2>\n\n\n\n<p>Deux \u00e9quipes de chercheurs se sont pench\u00e9s sur le sujet<\/p>\n\n\n\n<div class=\"wp-block-group is-layout-flow wp-block-group-is-layout-flow\" style=\"padding-top:5vh;padding-bottom:5vh\">\n<hr class=\"wp-block-separator has-text-color has-css-opacity has-background alignfull is-style-wide\" style=\"background-color:#e5e5e5;color:#e5e5e5\" \/>\n\n\n\n<div class=\"wp-block-media-text is-stacked-on-mobile\" style=\"grid-template-columns:28% auto\"><figure class=\"wp-block-media-text__media\"><img decoding=\"async\" src=\"https:\/\/afbrouillon.wordpress.com\/wp-content\/uploads\/2024\/10\/happyculteur.jpg?w=280\" alt=\"Photo de l'apiculteur avec ses ruches en arri\u00e8re plan, Nicolas Moreau\" class=\"wp-image-72 size-full\" \/><\/figure><div class=\"wp-block-media-text__content\">\n<h2 class=\"wp-block-heading\">L&rsquo;happy-culteur,<br> Nicolas Moreau<\/h2>\n\n\n\n<p style=\"margin-top:0;margin-right:0;margin-bottom:0;margin-left:0;padding-top:0;padding-bottom:0\">Apr\u00e8s 14 ann\u00e9es pass\u00e9es \u00e0 travailler dans la solidarit\u00e9 internationale, \u00e0 l\u2019aube de la quarantaine, il \u00e9tait temps pour moi de me rapprocher de la nature. J\u2019ai jet\u00e9 mon d\u00e9volu sur l\u2019apiculture. Apr\u00e8s 3 ann\u00e9es de formation et de pratique, j\u2019ai cr\u00e9\u00e9 mon entreprise en 2021. J\u2019ai progressivement d\u00e9velopp\u00e9 mon cheptel pour arriver \u00e0 220 colonies en juin 2022.<\/p>\n<\/div><\/div>\n\n\n\n<div class=\"wp-block-media-text has-media-on-the-right is-stacked-on-mobile\" style=\"grid-template-columns:auto 28%\"><div class=\"wp-block-media-text__content\">\n<h2 class=\"wp-block-heading\">Origine du miel<\/h2>\n\n\n\n<p style=\"margin-top:0;margin-right:0;margin-bottom:0;margin-left:0;padding-top:0;padding-bottom:0\">Tous mes miels sont produits en Creuse.<br>Je ne vends que ma production ; je n\u2019ach\u00e8te pas de miel \u00e0 d\u2019autres apiculteurs. Par cons\u00e9quent, selon les ann\u00e9es, il peut m\u2019arriver d\u2019\u00eatre en rupture sur certaines vari\u00e9t\u00e9s<\/p>\n<\/div><figure class=\"wp-block-media-text__media\"><img decoding=\"async\" src=\"https:\/\/afbrouillon.wordpress.com\/wp-content\/uploads\/2024\/10\/happyculteur.jpg?w=150\" alt=\"Photo de l'apiculteur avec ses ruches en arri\u00e8re plan, Nicolas Moreau\" class=\"wp-image-72 size-thumbnail\" \/><\/figure><\/div>\n\n\n\n<div class=\"wp-block-media-text is-stacked-on-mobile\" style=\"grid-template-columns:28% auto\"><figure class=\"wp-block-media-text__media\"><img decoding=\"async\" src=\"https:\/\/afbrouillon.wordpress.com\/wp-content\/uploads\/2024\/10\/happyculteur.jpg?w=150\" alt=\"Photo de l'apiculteur avec ses ruches en arri\u00e8re plan, Nicolas Moreau\" class=\"wp-image-72 size-thumbnail\" \/><\/figure><div class=\"wp-block-media-text__content\">\n<h2 class=\"wp-block-heading\">Origine du miel<\/h2>\n\n\n\n<p style=\"margin-top:0;margin-right:0;margin-bottom:0;margin-left:0;padding-top:0;padding-bottom:0\">Tous mes miels sont produits en Creuse.<br>Je ne vends que ma production ; je n\u2019ach\u00e8te pas de miel \u00e0 d\u2019autres apiculteurs. Par cons\u00e9quent, selon les ann\u00e9es, il peut m\u2019arriver d\u2019\u00eatre en rupture sur certaines vari\u00e9t\u00e9s<\/p>\n<\/div><\/div>\n<\/div>\n\n\n\n<hr class=\"wp-block-separator has-text-color has-css-opacity has-background alignfull is-style-wide\" style=\"background-color:#e5e5e5;color:#e5e5e5\" \/>\n\n\n\n<div class=\"wp-block-group is-layout-flow wp-block-group-is-layout-flow\" style=\"padding-top:6vh;padding-bottom:6vh\">\n<h2 class=\"wp-block-heading has-text-align-center has-large-font-size\" id=\"my-all-time-favourite-scent-it-smells-divine-and-lasts-all-day-a-true-and-beautiful-rose-fragrance\" style=\"line-height:1.5\"><em>\u201cMy all time favourite scent. It smells divine and lasts all day! A true and beautiful rose fragrance.\u201d<\/em><\/h2>\n\n\n\n<p class=\"has-text-align-center has-small-font-size\">Sarah from Melbourne<\/p>\n<\/div>\n\n\n\n<div class=\"wp-block-group alignfull has-background-color has-foreground-background-color has-text-color has-background has-link-color wp-elements-cb818d60ea7f9542c35dfa97c838ff47 has-global-padding is-layout-constrained wp-block-group-is-layout-constrained\" style=\"padding-top:6vh;padding-bottom:6vh\">\n<div class=\"wp-block-jetpack-layout-grid alignfull column1-desktop-grid__span-5 column1-desktop-grid__start-2 column1-desktop-grid__row-1 column2-desktop-grid__span-2 column2-desktop-grid__start-8 column2-desktop-grid__row-1 column3-desktop-grid__span-2 column3-desktop-grid__start-10 column3-desktop-grid__row-1 column1-tablet-grid__span-4 column1-tablet-grid__row-1 column2-tablet-grid__span-2 column2-tablet-grid__start-5 column2-tablet-grid__row-1 column3-tablet-grid__span-2 column3-tablet-grid__start-7 column3-tablet-grid__row-1 column1-mobile-grid__span-4 column1-mobile-grid__row-1 column2-mobile-grid__span-4 column2-mobile-grid__row-2 column3-mobile-grid__span-4 column3-mobile-grid__row-3 wp-block-jetpack-layout-gutter__medium\">\n<div class=\"wp-block-jetpack-layout-grid-column wp-block-jetpack-layout-grid__padding-none\">\n<h5 class=\"wp-block-heading\" id=\"join-the-mailing-list\"><strong>Join the Mailing List<\/strong><\/h5>\n\n\n\n<p class=\"has-small-font-size\">Subscribe to our newsletter and receive 10% off on your first order.<\/p>\n\n\n\n<div class=\"wp-block-jetpack-subscriptions wp-block-jetpack-subscriptions__supports-newline\">[jetpack_subscription_form show_subscribers_total=\u00a0\u00bbfalse\u00a0\u00bb button_on_newline=\u00a0\u00bbfalse\u00a0\u00bb custom_font_size=\u00a0\u00bb16px\u00a0\u00bb custom_border_radius=\u00a0\u00bb0&Prime; custom_border_weight=\u00a0\u00bb1&Prime; custom_border_color=\u00a0\u00bb#ffffff\u00a0\u00bb custom_padding=\u00a0\u00bb15&Prime; custom_spacing=\u00a0\u00bb10&Prime; submit_button_classes=\u00a0\u00bbhas-ffffff-border-color\u00a0\u00bb email_field_classes=\u00a0\u00bbhas-ffffff-border-color\u00a0\u00bb show_only_email_and_button=\u00a0\u00bbtrue\u00a0\u00bb success_message=\u00a0\u00bbSuccess! An email was just sent to confirm your subscription. Please find the email now and click &lsquo;Confirm Follow&rsquo; to start subscribing.\u00a0\u00bb]<\/div>\n<\/div>\n\n\n\n<div class=\"wp-block-jetpack-layout-grid-column wp-block-jetpack-layout-grid__padding-none\">\n<h5 class=\"wp-block-heading\" id=\"the-small-print\"><strong>The Small Print<\/strong><\/h5>\n\n\n\n<p class=\"has-small-font-size\"><a href=\"#\">Delivery<\/a> <\/p>\n\n\n\n<p class=\"has-small-font-size\"><a href=\"#\">Returns<\/a><\/p>\n\n\n\n<p class=\"has-small-font-size\"><a href=\"#\">FAQ<\/a><\/p>\n<\/div>\n\n\n\n<div class=\"wp-block-jetpack-layout-grid-column wp-block-jetpack-layout-grid__padding-none\">\n<h5 class=\"wp-block-heading\" id=\"social-media\"><strong>Social Media<\/strong><\/h5>\n\n\n\n<p class=\"has-background-color has-text-color has-small-font-size\"><a href=\"#\">Facebook<\/a><\/p>\n\n\n\n<p class=\"has-small-font-size\"><a href=\"#\">Instagram<\/a><\/p>\n\n\n\n<p class=\"has-small-font-size\"><a href=\"#\">Pinterest<\/a><\/p>\n<\/div>\n<\/div>\n<\/div>\n\n\n","protected":false},"excerpt":{"rendered":"<p>Miel press\u00e9 Le miel qui prend le temps Une technique d&rsquo;extraction particuli\u00e8re A la diff\u00e9rence d\u2019une extraction par centrifugeuse, le pressage des rayons pr\u00e9serve au mieux les propri\u00e9t\u00e9s du miel, en limitant son oxydation et l\u2019\u00e9vaporation des ar\u00f4mes, gr\u00e2ce \u00e0 un moindre brassage avec l&rsquo;air. Ainsi vous pouvez profiter d\u2019un miel authentique, au plus proche [&hellip;]<\/p>\n","protected":false},"author":1,"featured_media":0,"parent":0,"menu_order":0,"comment_status":"closed","ping_status":"closed","template":"header-footer-only","meta":{"footnotes":"[]"},"class_list":["post-10","page","type-page","status-publish","hentry"],"_links":{"self":[{"href":"https:\/\/avettes-et-fleurettes.com\/index.php\/wp-json\/wp\/v2\/pages\/10","targetHints":{"allow":["GET"]}}],"collection":[{"href":"https:\/\/avettes-et-fleurettes.com\/index.php\/wp-json\/wp\/v2\/pages"}],"about":[{"href":"https:\/\/avettes-et-fleurettes.com\/index.php\/wp-json\/wp\/v2\/types\/page"}],"author":[{"embeddable":true,"href":"https:\/\/avettes-et-fleurettes.com\/index.php\/wp-json\/wp\/v2\/users\/1"}],"replies":[{"embeddable":true,"href":"https:\/\/avettes-et-fleurettes.com\/index.php\/wp-json\/wp\/v2\/comments?post=10"}],"version-history":[{"count":0,"href":"https:\/\/avettes-et-fleurettes.com\/index.php\/wp-json\/wp\/v2\/pages\/10\/revisions"}],"wp:attachment":[{"href":"https:\/\/avettes-et-fleurettes.com\/index.php\/wp-json\/wp\/v2\/media?parent=10"}],"curies":[{"name":"wp","href":"https:\/\/api.w.org\/{rel}","templated":true}]}}